{"id":3310,"date":"2020-04-27T12:36:14","date_gmt":"2020-04-27T12:36:14","guid":{"rendered":"https:\/\/laurent.qodeinteractive.com\/elementor\/?page_id=3310"},"modified":"2026-03-28T12:18:08","modified_gmt":"2026-03-28T09:18:08","slug":"about-us","status":"publish","type":"page","link":"https:\/\/lokantakadirgali.com.tr\/?page_id=3310","title":{"rendered":"Hikayemiz"},"content":{"rendered":"\t\t<div data-elementor-type=\"wp-page\" data-elementor-id=\"3310\" class=\"elementor elementor-3310\">\n\t\t\t\t\t\t<section class=\"elementor-section elementor-top-section elementor-element elementor-element-4aa26a3 eltdf-elementor-row-grid-section elementor-section-boxed elementor-section-height-default elementor-section-height-default eltdf-parallax-row-no eltdf-content-aligment-left eltdf-disabled-bg-image-bellow-no\" data-id=\"4aa26a3\" data-element_type=\"section\" data-e-type=\"section\">\n\t\t\t\t\t\t<div class=\"elementor-container elementor-column-gap-default\">\n\t\t\t\t\t<div class=\"elementor-column elementor-col-25 elementor-top-column elementor-element elementor-element-9fa7bd8\" data-id=\"9fa7bd8\" data-element_type=\"column\" data-e-type=\"column\">\n\t\t\t<div class=\"elementor-widget-wrap elementor-element-populated\">\n\t\t\t\t\t\t<div class=\"elementor-element elementor-element-e575e1d elementor-widget__width-auto elementor-widget elementor-widget-eltdf_single_image\" data-id=\"e575e1d\" data-element_type=\"widget\" data-e-type=\"widget\" data-widget_type=\"eltdf_single_image.default\">\n\t\t\t\t<div class=\"elementor-widget-container\">\n\t\t\t\t\t<div class=\"eltdf-single-image-holder  eltdf-svg-pattern   eltdf-image-appear-none\">\n    <div class=\"eltdf-si-inner\" >\n                                                        <img decoding=\"async\" width=\"150\" height=\"150\" src=\"https:\/\/lokantakadirgali.com.tr\/wp-content\/uploads\/2026\/03\/cropped-logo-150x150.png\" class=\"attachment-thumbnail size-thumbnail\" alt=\"\" srcset=\"https:\/\/lokantakadirgali.com.tr\/wp-content\/uploads\/2026\/03\/cropped-logo-150x150.png 150w, https:\/\/lokantakadirgali.com.tr\/wp-content\/uploads\/2026\/03\/cropped-logo-300x300.png 300w, https:\/\/lokantakadirgali.com.tr\/wp-content\/uploads\/2026\/03\/cropped-logo-100x100.png 100w, https:\/\/lokantakadirgali.com.tr\/wp-content\/uploads\/2026\/03\/cropped-logo-270x270.png 270w, https:\/\/lokantakadirgali.com.tr\/wp-content\/uploads\/2026\/03\/cropped-logo-192x192.png 192w, https:\/\/lokantakadirgali.com.tr\/wp-content\/uploads\/2026\/03\/cropped-logo-180x180.png 180w, https:\/\/lokantakadirgali.com.tr\/wp-content\/uploads\/2026\/03\/cropped-logo-32x32.png 32w, https:\/\/lokantakadirgali.com.tr\/wp-content\/uploads\/2026\/03\/cropped-logo.png 512w\" sizes=\"(max-width: 150px) 100vw, 150px\" \/>                                                <\/div>\n<\/div>\t\t\t\t<\/div>\n\t\t\t\t<\/div>\n\t\t\t\t\t<\/div>\n\t\t<\/div>\n\t\t\t\t<div class=\"elementor-column elementor-col-50 elementor-top-column elementor-element elementor-element-cd6ddc3\" data-id=\"cd6ddc3\" data-element_type=\"column\" data-e-type=\"column\">\n\t\t\t<div class=\"elementor-widget-wrap elementor-element-populated\">\n\t\t\t\t\t\t<div class=\"elementor-element elementor-element-92765b6 elementor-widget elementor-widget-eltdf_section_title\" data-id=\"92765b6\" data-element_type=\"widget\" data-e-type=\"widget\" data-widget_type=\"eltdf_section_title.default\">\n\t\t\t\t<div class=\"elementor-widget-container\">\n\t\t\t\t\t<div class=\"eltdf-section-title-holder    \" style=\"text-align: center\">\n\t<div class=\"eltdf-st-inner\">\n                    <span class=\"eltdf-st-tagline\">\n                LOKANTA KADIRGALI            <\/span>\n        \t\t            <div class=\"eltdf-st-title-holder\">\n                                    <div class=\"decor\"><svg xmlns=\"http:\/\/www.w3.org\/2000\/svg\" width=\"41.125\" height=\"9.146\">\n                            <path fill=\"none\" stroke=\"#9C7C57\" stroke-miterlimit=\"10\" d=\"M40.881 8.576L20.562.591.244 8.576\"\/>\n                            <path fill=\"none\" stroke=\"#9C7C57\" stroke-miterlimit=\"10\" d=\"M40.881.591L20.562 8.576.243.591\"\/>\n                        <\/svg><\/div>\n                                <h2 class=\"eltdf-st-title\" >\n                    Hikayemiz                <\/h2>\n                                    <div class=\"decor\"><svg xmlns=\"http:\/\/www.w3.org\/2000\/svg\" width=\"41.125\" height=\"9.146\">\n                            <path fill=\"none\" stroke=\"#9C7C57\" stroke-miterlimit=\"10\" d=\"M40.881 8.576L20.562.591.244 8.576\"\/>\n                            <path fill=\"none\" stroke=\"#9C7C57\" stroke-miterlimit=\"10\" d=\"M40.881.591L20.562 8.576.243.591\"\/>\n                        <\/svg><\/div>\n                            <\/div>\n\t\t\t\t\t\t\t<\/div>\n<\/div>\t\t\t\t<\/div>\n\t\t\t\t<\/div>\n\t\t\t\t<section class=\"elementor-section elementor-inner-section elementor-element elementor-element-b2d9698 elementor-section-boxed elementor-section-height-default elementor-section-height-default eltdf-parallax-row-no eltdf-content-aligment-left eltdf-elementor-row-grid-no eltdf-disabled-bg-image-bellow-no\" data-id=\"b2d9698\" data-element_type=\"section\" data-e-type=\"section\">\n\t\t\t\t\t\t<div class=\"elementor-container elementor-column-gap-default\">\n\t\t\t\t\t<div class=\"elementor-column elementor-col-100 elementor-inner-column elementor-element elementor-element-5c0af25\" data-id=\"5c0af25\" data-element_type=\"column\" data-e-type=\"column\">\n\t\t\t<div class=\"elementor-widget-wrap elementor-element-populated\">\n\t\t\t\t\t\t<div class=\"elementor-element elementor-element-8ddc9fa elementor-widget__width-initial elementor-widget elementor-widget-text-editor\" data-id=\"8ddc9fa\" data-element_type=\"widget\" data-e-type=\"widget\" data-widget_type=\"text-editor.default\">\n\t\t\t\t\t\t\t\t\t<div class=\"wpb_text_column wpb_content_element \"><div class=\"wpb_wrapper\"><p><em>Lokanta Kad\u0131rgal\u0131 \u2018\u2019Geleneksel ve yeni nesil\u2019\u2019<\/em><\/p><p>Marka hikayemiz 1999 y\u0131l\u0131nda ba\u015flad\u0131.<br \/>Geleneksel T\u00fcrk mutfa\u011f\u0131n\u0131n sa\u011fl\u0131\u011f\u0131n\u0131 ve zenginli\u011fini temel ald\u0131k. Bu yakla\u015f\u0131m\u0131 global marka standartlar\u0131yla sunabilmek inanc\u0131yla yola \u00e7\u0131kt\u0131k. T\u00fcrk mutfa\u011f\u0131n\u0131n temeli olan lezzetleri yeni nesil anlay\u0131\u015fla sunabilmek inanc\u0131yla olu\u015fan Lokanta Kad\u0131rgal\u0131 i\u00e7in sekt\u00f6rde yeni bir marka olu\u015fumunu temsil etmesi ad\u0131na \u0130stanbul\u2019un tarihi ve gelenekleriyle var olan kadim semti Kad\u0131rga\u2019y\u0131 esas alarak hikayemizin ad\u0131n\u0131 olu\u015fturduk. G\u00fcn\u00fcm\u00fcze kadar gelen zamanda ad\u0131m\u0131z\u0131n do\u011frulu\u011funu ve misyonumuzla \u00f6rt\u00fc\u015fmesini sa\u011flayarak bu g\u00fcne ula\u015ft\u0131k.<\/p><\/div><\/div>\t\t\t\t\t\t\t\t<\/div>\n\t\t\t\t<div class=\"elementor-element elementor-element-1f818a2 elementor-widget elementor-widget-text-editor\" data-id=\"1f818a2\" data-element_type=\"widget\" data-e-type=\"widget\" data-widget_type=\"text-editor.default\">\n\t\t\t\t\t\t\t\t\t<p>Kad\u0131rga Liman\u0131, Bizans \u0130mparatorlu\u011fu\u2019nun sonuna kadar kullan\u0131lm\u0131\u015f, Osmanl\u0131\u2019n\u0131n \u0130stanbul\u2019u fethinden sonra da, bir zaman, k\u00fc\u00e7\u00fck gemilere iskele olmu\u015ftur. 1550 senesine do\u011fru \u0130stanbul\u2019a gelen Gyllius\u2019un ifadesine g\u00f6re liman, duvarlarla \u00e7evrilmi\u015fti. Fakat orada hala su birikintisi vard\u0131 ve civar evlerin kad\u0131nlar\u0131 \u00e7ama\u015f\u0131rlar\u0131n\u0131 burada y\u0131karlard\u0131. Kad\u0131rga Meydan\u0131 bug\u00fcn, civar halk\u0131n bir mesire ve mahalle \u00e7ocuklar\u0131n\u0131n bir oyun yeridir. \u00c7ocukluk ve gen\u00e7lik y\u0131llar\u0131n\u0131 semtin tarihi dokusu ve k\u00fclt\u00fcrel miras\u0131 i\u00e7inde ge\u00e7iren \u00dcnal D\u00f6lek, daha o y\u0131llardan var olu\u015funun temeline Kad\u0131rga semtini yerle\u015ftirmi\u015ftir.<\/p>\t\t\t\t\t\t\t\t<\/div>\n\t\t\t\t<div class=\"elementor-element elementor-element-1e01ff3 elementor-widget elementor-widget-text-editor\" data-id=\"1e01ff3\" data-element_type=\"widget\" data-e-type=\"widget\" data-widget_type=\"text-editor.default\">\n\t\t\t\t\t\t\t\t\t<div class=\"wpb_text_column wpb_content_element \"><div class=\"wpb_wrapper\"><p>2022 y\u0131l\u0131nda K\u00f6fteci Kad\u0131rgal\u0131 olarak bir zincir marka haline gelmesi konusunda yolculuk ba\u015flat\u0131lm\u0131\u015ft\u0131r. 2030 y\u0131l\u0131na kadar 50 \u015fube ile K\u00f6fteci Kad\u0131rgal\u0131 olarak b\u00fcy\u00fcmesini s\u00fcrd\u00fcrecek marka \u00dcnal D\u00f6lek \u00f6nc\u00fcl\u00fc\u011f\u00fcnde y\u00fcksek m\u00fc\u015fteri ve toplum bilinci odakl\u0131 \u00e7al\u0131\u015fmalar\u0131n\u0131 devam ettirmektedir.<\/p><\/div><\/div>\t\t\t\t\t\t\t\t<\/div>\n\t\t\t\t\t<\/div>\n\t\t<\/div>\n\t\t\t\t\t<\/div>\n\t\t<\/section>\n\t\t\t\t<div class=\"elementor-element elementor-element-17681b0 elementor-widget__width-auto elementor-widget elementor-widget-eltdf_button\" data-id=\"17681b0\" data-element_type=\"widget\" data-e-type=\"widget\" data-widget_type=\"eltdf_button.default\">\n\t\t\t\t<div class=\"elementor-widget-container\">\n\t\t\t\t\t<a itemprop=\"url\" href=\"https:\/\/lokantakadirgali.com.tr\/iletisim\/\" target=\"_blank\" style=\"padding: \" class=\"eltdf-btn eltdf-btn-medium eltdf-btn-simple\"  0=\"padding: \">\n        <span class=\"eltdf-btn-text\">\u0130leti\u015fim<\/span>\n        <\/a>\t\t\t\t<\/div>\n\t\t\t\t<\/div>\n\t\t\t\t\t<\/div>\n\t\t<\/div>\n\t\t\t\t<div class=\"elementor-column elementor-col-25 elementor-top-column elementor-element elementor-element-c499292\" data-id=\"c499292\" data-element_type=\"column\" data-e-type=\"column\">\n\t\t\t<div class=\"elementor-widget-wrap elementor-element-populated\">\n\t\t\t\t\t\t<div class=\"elementor-element elementor-element-0705437 elementor-widget__width-auto elementor-widget elementor-widget-eltdf_single_image\" data-id=\"0705437\" data-element_type=\"widget\" data-e-type=\"widget\" data-widget_type=\"eltdf_single_image.default\">\n\t\t\t\t<div class=\"elementor-widget-container\">\n\t\t\t\t\t<div class=\"eltdf-single-image-holder     eltdf-image-appear-none\">\n    <div class=\"eltdf-si-inner\" >\n                                                        <img fetchpriority=\"high\" decoding=\"async\" width=\"1080\" height=\"1080\" src=\"https:\/\/lokantakadirgali.com.tr\/wp-content\/uploads\/2026\/03\/hikayemiz1.png\" class=\"attachment-full size-full\" alt=\"\" srcset=\"https:\/\/lokantakadirgali.com.tr\/wp-content\/uploads\/2026\/03\/hikayemiz1.png 1080w, https:\/\/lokantakadirgali.com.tr\/wp-content\/uploads\/2026\/03\/hikayemiz1-300x300.png 300w, https:\/\/lokantakadirgali.com.tr\/wp-content\/uploads\/2026\/03\/hikayemiz1-100x100.png 100w, https:\/\/lokantakadirgali.com.tr\/wp-content\/uploads\/2026\/03\/hikayemiz1-600x600.png 600w, https:\/\/lokantakadirgali.com.tr\/wp-content\/uploads\/2026\/03\/hikayemiz1-1024x1024.png 1024w, https:\/\/lokantakadirgali.com.tr\/wp-content\/uploads\/2026\/03\/hikayemiz1-150x150.png 150w, https:\/\/lokantakadirgali.com.tr\/wp-content\/uploads\/2026\/03\/hikayemiz1-768x768.png 768w, https:\/\/lokantakadirgali.com.tr\/wp-content\/uploads\/2026\/03\/hikayemiz1-650x650.png 650w\" sizes=\"(max-width: 1080px) 100vw, 1080px\" \/>                                                <\/div>\n<\/div>\t\t\t\t<\/div>\n\t\t\t\t<\/div>\n\t\t\t\t\t<\/div>\n\t\t<\/div>\n\t\t\t\t\t<\/div>\n\t\t<\/section>\n\t\t\t\t<\/div>\n\t\t","protected":false},"excerpt":{"rendered":"<p>LOKANTA KADIRGALI Hikayemiz Lokanta Kad\u0131rgal\u0131 \u2018\u2019Geleneksel ve yeni nesil\u2019\u2019 Marka hikayemiz 1999 y\u0131l\u0131nda ba\u015flad\u0131.Geleneksel T\u00fcrk mutfa\u011f\u0131n\u0131n sa\u011fl\u0131\u011f\u0131n\u0131 ve zenginli\u011fini temel ald\u0131k. Bu yakla\u015f\u0131m\u0131 global marka standartlar\u0131yla sunabilmek inanc\u0131yla yola \u00e7\u0131kt\u0131k. T\u00fcrk mutfa\u011f\u0131n\u0131n temeli olan lezzetleri yeni nesil anlay\u0131\u015fla sunabilmek inanc\u0131yla olu\u015fan Lokanta Kad\u0131rgal\u0131 i\u00e7in sekt\u00f6rde yeni bir marka olu\u015fumunu temsil etmesi ad\u0131na \u0130stanbul\u2019un tarihi ve gelenekleriyle var olan kadim semti [&hellip;]<\/p>\n","protected":false},"author":1,"featured_media":0,"parent":0,"menu_order":0,"comment_status":"closed","ping_status":"closed","template":"full-width.php","meta":{"footnotes":""},"class_list":["post-3310","page","type-page","status-publish","hentry"],"_links":{"self":[{"href":"https:\/\/lokantakadirgali.com.tr\/index.php?rest_route=\/wp\/v2\/pages\/3310","targetHints":{"allow":["GET"]}}],"collection":[{"href":"https:\/\/lokantakadirgali.com.tr\/index.php?rest_route=\/wp\/v2\/pages"}],"about":[{"href":"https:\/\/lokantakadirgali.com.tr\/index.php?rest_route=\/wp\/v2\/types\/page"}],"author":[{"embeddable":true,"href":"https:\/\/lokantakadirgali.com.tr\/index.php?rest_route=\/wp\/v2\/users\/1"}],"replies":[{"embeddable":true,"href":"https:\/\/lokantakadirgali.com.tr\/index.php?rest_route=%2Fwp%2Fv2%2Fcomments&post=3310"}],"version-history":[{"count":4,"href":"https:\/\/lokantakadirgali.com.tr\/index.php?rest_route=\/wp\/v2\/pages\/3310\/revisions"}],"predecessor-version":[{"id":4563,"href":"https:\/\/lokantakadirgali.com.tr\/index.php?rest_route=\/wp\/v2\/pages\/3310\/revisions\/4563"}],"wp:attachment":[{"href":"https:\/\/lokantakadirgali.com.tr\/index.php?rest_route=%2Fwp%2Fv2%2Fmedia&parent=3310"}],"curies":[{"name":"wp","href":"https:\/\/api.w.org\/{rel}","templated":true}]}}