{"id":3337,"date":"2020-04-27T17:30:51","date_gmt":"2020-04-27T17:30:51","guid":{"rendered":"https:\/\/laurent.qodeinteractive.com\/elementor\/?page_id=3337"},"modified":"2026-03-28T14:38:04","modified_gmt":"2026-03-28T11:38:04","slug":"meet-the-chef","status":"publish","type":"page","link":"https:\/\/lokantakadirgali.com.tr\/?page_id=3337","title":{"rendered":"Kurumsal"},"content":{"rendered":"\t\t<div data-elementor-type=\"wp-page\" data-elementor-id=\"3337\" class=\"elementor elementor-3337\">\n\t\t\t\t\t\t<section class=\"elementor-section elementor-top-section elementor-element elementor-element-e2e1389 eltdf-elementor-row-grid-section elementor-section-boxed elementor-section-height-default elementor-section-height-default eltdf-parallax-row-no eltdf-content-aligment-left eltdf-disabled-bg-image-bellow-no\" data-id=\"e2e1389\" data-element_type=\"section\" data-e-type=\"section\">\n\t\t\t\t\t\t<div class=\"elementor-container elementor-column-gap-default\">\n\t\t\t\t\t<div class=\"elementor-column elementor-col-33 elementor-top-column elementor-element elementor-element-9849d62\" data-id=\"9849d62\" data-element_type=\"column\" data-e-type=\"column\">\n\t\t\t<div class=\"elementor-widget-wrap elementor-element-populated\">\n\t\t\t\t\t\t<div class=\"elementor-element elementor-element-5e160aa elementor-widget elementor-widget-eltdf_section_title\" data-id=\"5e160aa\" data-element_type=\"widget\" data-e-type=\"widget\" data-widget_type=\"eltdf_section_title.default\">\n\t\t\t\t<div class=\"elementor-widget-container\">\n\t\t\t\t\t<div class=\"eltdf-section-title-holder    eltdf-st-decor-animation\" style=\"text-align: center\">\n\t<div class=\"eltdf-st-inner\">\n        \t\t            <div class=\"eltdf-st-title-holder\">\n                                    <div class=\"decor\"><svg xmlns=\"http:\/\/www.w3.org\/2000\/svg\" width=\"41.125\" height=\"9.146\">\n                            <path fill=\"none\" stroke=\"#9C7C57\" stroke-miterlimit=\"10\" d=\"M40.881 8.576L20.562.591.244 8.576\"\/>\n                            <path fill=\"none\" stroke=\"#9C7C57\" stroke-miterlimit=\"10\" d=\"M40.881.591L20.562 8.576.243.591\"\/>\n                        <\/svg><\/div>\n                                <h2 class=\"eltdf-st-title\" >\n                    Hedeflerimiz                <\/h2>\n                                    <div class=\"decor\"><svg xmlns=\"http:\/\/www.w3.org\/2000\/svg\" width=\"41.125\" height=\"9.146\">\n                            <path fill=\"none\" stroke=\"#9C7C57\" stroke-miterlimit=\"10\" d=\"M40.881 8.576L20.562.591.244 8.576\"\/>\n                            <path fill=\"none\" stroke=\"#9C7C57\" stroke-miterlimit=\"10\" d=\"M40.881.591L20.562 8.576.243.591\"\/>\n                        <\/svg><\/div>\n                            <\/div>\n\t\t\t\t\t\t\t<p class=\"eltdf-st-text\" >\n\t\t\t\t\nBizim i\u00e7in \u2018\u2019bilmek de\u011fil, yapabilmektir esas olan\u2019\u2019 sahip oldu\u011fumuz bilgiyi sahada eyleme, hizmete d\u00f6n\u00fc\u015ft\u00fcrmedik\u00e7e var olamay\u0131z. Bu bak\u0131\u015fla 1999 y\u0131l\u0131ndan g\u00fcn\u00fcm\u00fcze de\u011fin hedef belirlerken deneyimimizi ve d\u00fcnya geli\u015fimini baz alarak ilerledik. Ve \u00e7ek ederek s\u00fcrd\u00fcr\u00fcyoruz\u2026\t\t\t<\/p>\n\t\t\t\t\t<\/div>\n<\/div>\t\t\t\t<\/div>\n\t\t\t\t<\/div>\n\t\t\t\t<div class=\"elementor-element elementor-element-158bfbf elementor-widget elementor-widget-text-editor\" data-id=\"158bfbf\" data-element_type=\"widget\" data-e-type=\"widget\" data-widget_type=\"text-editor.default\">\n\t\t\t\t\t\t\t\t\t<div class=\"wpb_text_column wpb_content_element \"><div class=\"wpb_wrapper\"><ul><li>Geleneksel T\u00fcrk mutfa\u011f\u0131 lezzetlerini d\u00fcnyada hak etti\u011fi konuma getirmek ad\u0131na yeni nesil marka stratejilerini olu\u015fturmak ve \u015fubele\u015fmek.<\/li><li>Yerel lezzetlerimizin d\u00fcnyaya do\u011fru sunulmas\u0131.<\/li><li>D\u00fcnyan\u0131n en sa\u011fl\u0131kl\u0131 mutfa\u011f\u0131 olan T\u00fcrk mufta\u011f\u0131n\u0131n d\u00fcnya literat\u00fcr\u00fcnde bilinmesini, deneyimlenmesini sa\u011flamak.<\/li><li>B\u00fcy\u00fcme yolculu\u011funda sistemi koruyarak g\u00fc\u00e7 kayb\u0131na u\u011framamak.<\/li><li>K\u00fclt\u00fcr\u00fcm\u00fczden gelen temel de\u011ferleri d\u00fcnyaya yans\u0131tmak.<\/li><li>Operasyon yap\u0131m\u0131z\u0131 g\u00fcncel ve lider odakl\u0131 korumak.<\/li><li>Lokanta Kad\u0131rgal\u0131 markas\u0131n\u0131n t\u00fcm ku\u015faklar taraf\u0131ndan do\u011fru alg\u0131lanmas\u0131n\u0131 sa\u011flamak.<\/li><li>Toplumsal b\u00fct\u00fcnl\u00fck, \u00e7evre ve sosyal fayda konular\u0131nda \u2018\u2019sosyal marka\u2019\u2019 anlay\u0131\u015f\u0131m\u0131z\u0131 geli\u015ftirmek.<\/li><li>M\u00fc\u015fteri odakl\u0131 hizmet anlay\u0131\u015f\u0131m\u0131z\u0131 g\u00fcncel tutarak korumak.<\/li><li>Sosyal fayda anlay\u0131\u015f\u0131m\u0131z\u0131 korumak ve geli\u015ftirmek.<\/li><\/ul><\/div><\/div>\t\t\t\t\t\t\t\t<\/div>\n\t\t\t\t<div class=\"elementor-element elementor-element-0c28948 elementor-widget__width-auto elementor-widget elementor-widget-eltdf_button\" data-id=\"0c28948\" data-element_type=\"widget\" data-e-type=\"widget\" data-widget_type=\"eltdf_button.default\">\n\t\t\t\t<div class=\"elementor-widget-container\">\n\t\t\t\t\t<a itemprop=\"url\" href=\"https:\/\/lokantakadirgali.com.tr\/iletisim\/\" target=\"_blank\" style=\"padding: \" class=\"eltdf-btn eltdf-btn-medium eltdf-btn-simple\"  0=\"padding: \">\n        <span class=\"eltdf-btn-text\">\u0130leti\u015fim<\/span>\n        <\/a>\t\t\t\t<\/div>\n\t\t\t\t<\/div>\n\t\t\t\t\t<\/div>\n\t\t<\/div>\n\t\t\t\t<div class=\"elementor-column elementor-col-33 elementor-top-column elementor-element elementor-element-bde8538\" data-id=\"bde8538\" data-element_type=\"column\" data-e-type=\"column\">\n\t\t\t<div class=\"elementor-widget-wrap elementor-element-populated\">\n\t\t\t\t\t\t<div class=\"elementor-element elementor-element-0707a7e elementor-widget__width-auto elementor-widget elementor-widget-eltdf_single_image\" data-id=\"0707a7e\" data-element_type=\"widget\" data-e-type=\"widget\" data-widget_type=\"eltdf_single_image.default\">\n\t\t\t\t<div class=\"elementor-widget-container\">\n\t\t\t\t\t<div class=\"eltdf-single-image-holder  eltdf-svg-pattern   eltdf-image-appear-none\">\n    <div class=\"eltdf-si-inner\" >\n                                                        <img decoding=\"async\" width=\"150\" height=\"150\" src=\"https:\/\/lokantakadirgali.com.tr\/wp-content\/uploads\/2026\/03\/Hedeflerimiz--150x150.png\" class=\"attachment-thumbnail size-thumbnail\" alt=\"\" srcset=\"https:\/\/lokantakadirgali.com.tr\/wp-content\/uploads\/2026\/03\/Hedeflerimiz--150x150.png 150w, https:\/\/lokantakadirgali.com.tr\/wp-content\/uploads\/2026\/03\/Hedeflerimiz--300x300.png 300w, https:\/\/lokantakadirgali.com.tr\/wp-content\/uploads\/2026\/03\/Hedeflerimiz--100x100.png 100w, https:\/\/lokantakadirgali.com.tr\/wp-content\/uploads\/2026\/03\/Hedeflerimiz--600x600.png 600w, https:\/\/lokantakadirgali.com.tr\/wp-content\/uploads\/2026\/03\/Hedeflerimiz--1024x1024.png 1024w, https:\/\/lokantakadirgali.com.tr\/wp-content\/uploads\/2026\/03\/Hedeflerimiz--768x768.png 768w, https:\/\/lokantakadirgali.com.tr\/wp-content\/uploads\/2026\/03\/Hedeflerimiz--650x650.png 650w, https:\/\/lokantakadirgali.com.tr\/wp-content\/uploads\/2026\/03\/Hedeflerimiz-.png 1080w\" sizes=\"(max-width: 150px) 100vw, 150px\" \/>                                                <\/div>\n<\/div>\t\t\t\t<\/div>\n\t\t\t\t<\/div>\n\t\t\t\t\t<\/div>\n\t\t<\/div>\n\t\t\t\t<div class=\"elementor-column elementor-col-33 elementor-top-column elementor-element elementor-element-b214a92\" data-id=\"b214a92\" data-element_type=\"column\" data-e-type=\"column\">\n\t\t\t<div class=\"elementor-widget-wrap elementor-element-populated\">\n\t\t\t\t\t\t<div class=\"elementor-element elementor-element-33cef04 elementor-widget elementor-widget-eltdf_single_image\" data-id=\"33cef04\" data-element_type=\"widget\" data-e-type=\"widget\" data-widget_type=\"eltdf_single_image.default\">\n\t\t\t\t<div class=\"elementor-widget-container\">\n\t\t\t\t\t<div class=\"eltdf-single-image-holder     eltdf-image-appear-from-top\">\n    <div class=\"eltdf-si-inner\" >\n                                                        <img fetchpriority=\"high\" decoding=\"async\" width=\"768\" height=\"1024\" src=\"https:\/\/lokantakadirgali.com.tr\/wp-content\/uploads\/2026\/03\/Unal-Dolek-1.jpeg\" class=\"attachment-full size-full\" alt=\"\" srcset=\"https:\/\/lokantakadirgali.com.tr\/wp-content\/uploads\/2026\/03\/Unal-Dolek-1.jpeg 768w, https:\/\/lokantakadirgali.com.tr\/wp-content\/uploads\/2026\/03\/Unal-Dolek-1-600x800.jpeg 600w, https:\/\/lokantakadirgali.com.tr\/wp-content\/uploads\/2026\/03\/Unal-Dolek-1-225x300.jpeg 225w\" sizes=\"(max-width: 768px) 100vw, 768px\" \/>                                                <\/div>\n<\/div>\t\t\t\t<\/div>\n\t\t\t\t<\/div>\n\t\t\t\t\t<\/div>\n\t\t<\/div>\n\t\t\t\t\t<\/div>\n\t\t<\/section>\n\t\t\t\t<\/div>\n\t\t","protected":false},"excerpt":{"rendered":"<p>Hedeflerimiz Bizim i\u00e7in \u2018\u2019bilmek de\u011fil, yapabilmektir esas olan\u2019\u2019 sahip oldu\u011fumuz bilgiyi sahada eyleme, hizmete d\u00f6n\u00fc\u015ft\u00fcrmedik\u00e7e var olamay\u0131z. Bu bak\u0131\u015fla 1999 y\u0131l\u0131ndan g\u00fcn\u00fcm\u00fcze de\u011fin hedef belirlerken deneyimimizi ve d\u00fcnya geli\u015fimini baz alarak ilerledik. Ve \u00e7ek ederek s\u00fcrd\u00fcr\u00fcyoruz\u2026 Geleneksel T\u00fcrk mutfa\u011f\u0131 lezzetlerini d\u00fcnyada hak etti\u011fi konuma getirmek ad\u0131na yeni nesil marka stratejilerini olu\u015fturmak ve \u015fubele\u015fmek. Yerel lezzetlerimizin d\u00fcnyaya do\u011fru sunulmas\u0131. D\u00fcnyan\u0131n en [&hellip;]<\/p>\n","protected":false},"author":1,"featured_media":0,"parent":0,"menu_order":4,"comment_status":"closed","ping_status":"closed","template":"full-width.php","meta":{"footnotes":""},"class_list":["post-3337","page","type-page","status-publish","hentry"],"_links":{"self":[{"href":"https:\/\/lokantakadirgali.com.tr\/index.php?rest_route=\/wp\/v2\/pages\/3337","targetHints":{"allow":["GET"]}}],"collection":[{"href":"https:\/\/lokantakadirgali.com.tr\/index.php?rest_route=\/wp\/v2\/pages"}],"about":[{"href":"https:\/\/lokantakadirgali.com.tr\/index.php?rest_route=\/wp\/v2\/types\/page"}],"author":[{"embeddable":true,"href":"https:\/\/lokantakadirgali.com.tr\/index.php?rest_route=\/wp\/v2\/users\/1"}],"replies":[{"embeddable":true,"href":"https:\/\/lokantakadirgali.com.tr\/index.php?rest_route=%2Fwp%2Fv2%2Fcomments&post=3337"}],"version-history":[{"count":6,"href":"https:\/\/lokantakadirgali.com.tr\/index.php?rest_route=\/wp\/v2\/pages\/3337\/revisions"}],"predecessor-version":[{"id":4622,"href":"https:\/\/lokantakadirgali.com.tr\/index.php?rest_route=\/wp\/v2\/pages\/3337\/revisions\/4622"}],"wp:attachment":[{"href":"https:\/\/lokantakadirgali.com.tr\/index.php?rest_route=%2Fwp%2Fv2%2Fmedia&parent=3337"}],"curies":[{"name":"wp","href":"https:\/\/api.w.org\/{rel}","templated":true}]}}