{"id":4588,"date":"2026-03-28T13:19:14","date_gmt":"2026-03-28T10:19:14","guid":{"rendered":"https:\/\/lokantakadirgali.com.tr\/?page_id=4588"},"modified":"2026-03-28T17:18:23","modified_gmt":"2026-03-28T14:18:23","slug":"ozel-hizmetlerimiz-2","status":"publish","type":"page","link":"https:\/\/lokantakadirgali.com.tr\/?page_id=4588","title":{"rendered":"\u00d6zel Hizmetlerimiz"},"content":{"rendered":"\t\t<div data-elementor-type=\"wp-page\" data-elementor-id=\"4588\" class=\"elementor elementor-4588\">\n\t\t\t\t<div class=\"elementor-element elementor-element-1606ad8 e-flex e-con-boxed e-con e-parent\" data-id=\"1606ad8\" data-element_type=\"container\" data-e-type=\"container\">\n\t\t\t\t\t<div class=\"e-con-inner\">\n\t\t\t\t\t<\/div>\n\t\t\t\t<\/div>\n\t\t<div class=\"elementor-element elementor-element-76db77b e-flex e-con-boxed e-con e-parent\" data-id=\"76db77b\" data-element_type=\"container\" data-e-type=\"container\">\n\t\t\t\t\t<div class=\"e-con-inner\">\n\t\t\t\t<div class=\"elementor-element elementor-element-8ee63ba elementor-widget elementor-widget-heading\" data-id=\"8ee63ba\" data-element_type=\"widget\" data-e-type=\"widget\" data-widget_type=\"heading.default\">\n\t\t\t\t\t<h2 class=\"elementor-heading-title elementor-size-default\">\u00d6zel Hizmetler<\/h2>\t\t\t\t<\/div>\n\t\t\t\t<div class=\"elementor-element elementor-element-07e416f elementor-widget elementor-widget-eltdf_portfolio_list\" data-id=\"07e416f\" data-element_type=\"widget\" data-e-type=\"widget\" data-widget_type=\"eltdf_portfolio_list.default\">\n\t\t\t\t<div class=\"elementor-widget-container\">\n\t\t\t\t\t<div class=\"eltdf-portfolio-list-holder eltdf-grid-list eltdf-pl-gallery eltdf-three-columns eltdf-normal-space eltdf-disable-bottom-space eltdf-pl-gallery-overlay    eltdf-pl-pag-standard eltdf-pl-has-filter      \"  data-type=gallery data-number-of-columns=three data-space-between-items=normal data-number-of-items=9 data-image-proportions=full data-custom-image-width= data-custom-image-height= data-enable-fixed-proportions= data-enable-image-shadow=no data-category=ozel data-orderby=date data-order=ASC data-item-style=gallery-overlay data-content-top-margin= data-content-bottom-margin= data-enable-title=yes data-title-tag=h5 data-enable-category=yes data-enable-count-images=yes data-enable-excerpt=no data-excerpt-length= data-pagination-type=standard data-load-more-top-margin= data-filter=yes data-filter-order-by=name data-enable-article-animation=no data-portfolio-slider-on=no data-enable-loop=yes data-enable-autoplay=yes data-slider-speed=5000 data-slider-speed-animation=600 data-enable-navigation=yes data-enable-pagination=yes data-max-num-pages=1 data-next-page=2>\n\t\t<div class=\"eltdf-pl-filter-holder\" >\n\t\t<div class=\"eltdf-plf-inner\">\n\t\t\t\t\t<\/div>\n\t<\/div>\n\t<div class=\"eltdf-pl-inner eltdf-outer-space  clearfix\">\n\t\t<article class=\"eltdf-pl-item eltdf-item-space  post-4590 portfolio-item type-portfolio-item status-publish hentry portfolio-category-ozel\">\n\t<div class=\"eltdf-pl-item-inner\">\n\t\t<div class=\"eltdf-pli-image\">\n\t\t\t<img fetchpriority=\"high\" decoding=\"async\" itemprop=\"image\" class=\"eltdf-pl-original-image\" width=\"800\" height=\"600\" src=\"https:\/\/lokantakadirgali.com.tr\/wp-content\/plugins\/laurent-core\/post-types\/portfolio\/assets\/img\/portfolio_featured_image.jpg\" alt=\"Portfolio Featured Image\" \/>\n\t<\/div>\n<div class=\"eltdf-pli-text-holder\">\n\t<div class=\"eltdf-pli-text-wrapper\">\n\t\t<div class=\"eltdf-pli-text\">\n\t\t\t\t<h5 itemprop=\"name\" class=\"eltdf-pli-title entry-title\" >\n\t\t\u0130\u015f Toplant\u0131lar\u0131\t<\/h5>\n\n\t\t\t\t\t<div class=\"eltdf-pli-category-holder\">\n\t\t\t\t\t\t\t<a itemprop=\"url\" class=\"eltdf-pli-category\" href=\"https:\/\/lokantakadirgali.com.tr\/?portfolio-category=ozel\">\u00d6zel Hizmetlerimiz<\/a>\n\t\t\t\t\t<\/div>\n\t\n\t\t\t\t\t\t\n\t\t\t\t\t<\/div>\n\t<\/div>\n<\/div>\n\t\t<a itemprop=\"url\" class=\"eltdf-pli-link eltdf-block-drag-link\" href=\"https:\/\/lokantakadirgali.com.tr\/?portfolio-item=is-toplantilari\" target=\"_self\"><\/a>\n\t<\/div>\n<\/article><article class=\"eltdf-pl-item eltdf-item-space  post-4591 portfolio-item type-portfolio-item status-publish hentry portfolio-category-ozel\">\n\t<div class=\"eltdf-pl-item-inner\">\n\t\t<div class=\"eltdf-pli-image\">\n\t\t\t<img fetchpriority=\"high\" decoding=\"async\" itemprop=\"image\" class=\"eltdf-pl-original-image\" width=\"800\" height=\"600\" src=\"https:\/\/lokantakadirgali.com.tr\/wp-content\/plugins\/laurent-core\/post-types\/portfolio\/assets\/img\/portfolio_featured_image.jpg\" alt=\"Portfolio Featured Image\" \/>\n\t<\/div>\n<div class=\"eltdf-pli-text-holder\">\n\t<div class=\"eltdf-pli-text-wrapper\">\n\t\t<div class=\"eltdf-pli-text\">\n\t\t\t\t<h5 itemprop=\"name\" class=\"eltdf-pli-title entry-title\" >\n\t\tEtkinlikler\t<\/h5>\n\n\t\t\t\t\t<div class=\"eltdf-pli-category-holder\">\n\t\t\t\t\t\t\t<a itemprop=\"url\" class=\"eltdf-pli-category\" href=\"https:\/\/lokantakadirgali.com.tr\/?portfolio-category=ozel\">\u00d6zel Hizmetlerimiz<\/a>\n\t\t\t\t\t<\/div>\n\t\n\t\t\t\t\t\t\n\t\t\t\t\t<\/div>\n\t<\/div>\n<\/div>\n\t\t<a itemprop=\"url\" class=\"eltdf-pli-link eltdf-block-drag-link\" href=\"https:\/\/lokantakadirgali.com.tr\/?portfolio-item=etkinlikler\" target=\"_self\"><\/a>\n\t<\/div>\n<\/article><article class=\"eltdf-pl-item eltdf-item-space  post-4592 portfolio-item type-portfolio-item status-publish hentry portfolio-category-ozel\">\n\t<div class=\"eltdf-pl-item-inner\">\n\t\t<div class=\"eltdf-pli-image\">\n\t\t\t<img fetchpriority=\"high\" decoding=\"async\" itemprop=\"image\" class=\"eltdf-pl-original-image\" width=\"800\" height=\"600\" src=\"https:\/\/lokantakadirgali.com.tr\/wp-content\/plugins\/laurent-core\/post-types\/portfolio\/assets\/img\/portfolio_featured_image.jpg\" alt=\"Portfolio Featured Image\" \/>\n\t<\/div>\n<div class=\"eltdf-pli-text-holder\">\n\t<div class=\"eltdf-pli-text-wrapper\">\n\t\t<div class=\"eltdf-pli-text\">\n\t\t\t\t<h5 itemprop=\"name\" class=\"eltdf-pli-title entry-title\" >\n\t\tChefs Table\t<\/h5>\n\n\t\t\t\t\t<div class=\"eltdf-pli-category-holder\">\n\t\t\t\t\t\t\t<a itemprop=\"url\" class=\"eltdf-pli-category\" href=\"https:\/\/lokantakadirgali.com.tr\/?portfolio-category=ozel\">\u00d6zel Hizmetlerimiz<\/a>\n\t\t\t\t\t<\/div>\n\t\n\t\t\t\t\t\t\n\t\t\t\t\t<\/div>\n\t<\/div>\n<\/div>\n\t\t<a itemprop=\"url\" class=\"eltdf-pli-link eltdf-block-drag-link\" href=\"https:\/\/lokantakadirgali.com.tr\/?portfolio-item=chefs-table\" target=\"_self\"><\/a>\n\t<\/div>\n<\/article><article class=\"eltdf-pl-item eltdf-item-space  post-4593 portfolio-item type-portfolio-item status-publish hentry portfolio-category-ozel\">\n\t<div class=\"eltdf-pl-item-inner\">\n\t\t<div class=\"eltdf-pli-image\">\n\t\t\t<img fetchpriority=\"high\" decoding=\"async\" itemprop=\"image\" class=\"eltdf-pl-original-image\" width=\"800\" height=\"600\" src=\"https:\/\/lokantakadirgali.com.tr\/wp-content\/plugins\/laurent-core\/post-types\/portfolio\/assets\/img\/portfolio_featured_image.jpg\" alt=\"Portfolio Featured Image\" \/>\n\t<\/div>\n<div class=\"eltdf-pli-text-holder\">\n\t<div class=\"eltdf-pli-text-wrapper\">\n\t\t<div class=\"eltdf-pli-text\">\n\t\t\t\t<h5 itemprop=\"name\" class=\"eltdf-pli-title entry-title\" >\n\t\tWorkshops\t<\/h5>\n\n\t\t\t\t\t<div class=\"eltdf-pli-category-holder\">\n\t\t\t\t\t\t\t<a itemprop=\"url\" class=\"eltdf-pli-category\" href=\"https:\/\/lokantakadirgali.com.tr\/?portfolio-category=ozel\">\u00d6zel Hizmetlerimiz<\/a>\n\t\t\t\t\t<\/div>\n\t\n\t\t\t\t\t\t\n\t\t\t\t\t<\/div>\n\t<\/div>\n<\/div>\n\t\t<a itemprop=\"url\" class=\"eltdf-pli-link eltdf-block-drag-link\" href=\"https:\/\/lokantakadirgali.com.tr\/?portfolio-item=workshops\" target=\"_self\"><\/a>\n\t<\/div>\n<\/article>\t<\/div>\n        \t<\/div>\t\t\t\t<\/div>\n\t\t\t\t<\/div>\n\t\t\t\t\t<\/div>\n\t\t\t\t<\/div>\n\t\t<div class=\"elementor-element elementor-element-087440a e-flex e-con-boxed e-con e-parent\" data-id=\"087440a\" data-element_type=\"container\" data-e-type=\"container\">\n\t\t\t\t\t<div class=\"e-con-inner\">\n\t\t\t\t\t<\/div>\n\t\t\t\t<\/div>\n\t\t\t\t<\/div>\n\t\t","protected":false},"excerpt":{"rendered":"<p>\u00d6zel Hizmetler \u0130\u015f Toplant\u0131lar\u0131 \u00d6zel Hizmetlerimiz Etkinlikler \u00d6zel Hizmetlerimiz Chefs Table \u00d6zel Hizmetlerimiz Workshops \u00d6zel Hizmetlerimiz<\/p>\n","protected":false},"author":1,"featured_media":0,"parent":0,"menu_order":0,"comment_status":"closed","ping_status":"closed","template":"elementor_header_footer","meta":{"footnotes":""},"class_list":["post-4588","page","type-page","status-publish","hentry"],"_links":{"self":[{"href":"https:\/\/lokantakadirgali.com.tr\/index.php?rest_route=\/wp\/v2\/pages\/4588","targetHints":{"allow":["GET"]}}],"collection":[{"href":"https:\/\/lokantakadirgali.com.tr\/index.php?rest_route=\/wp\/v2\/pages"}],"about":[{"href":"https:\/\/lokantakadirgali.com.tr\/index.php?rest_route=\/wp\/v2\/types\/page"}],"author":[{"embeddable":true,"href":"https:\/\/lokantakadirgali.com.tr\/index.php?rest_route=\/wp\/v2\/users\/1"}],"replies":[{"embeddable":true,"href":"https:\/\/lokantakadirgali.com.tr\/index.php?rest_route=%2Fwp%2Fv2%2Fcomments&post=4588"}],"version-history":[{"count":7,"href":"https:\/\/lokantakadirgali.com.tr\/index.php?rest_route=\/wp\/v2\/pages\/4588\/revisions"}],"predecessor-version":[{"id":4671,"href":"https:\/\/lokantakadirgali.com.tr\/index.php?rest_route=\/wp\/v2\/pages\/4588\/revisions\/4671"}],"wp:attachment":[{"href":"https:\/\/lokantakadirgali.com.tr\/index.php?rest_route=%2Fwp%2Fv2%2Fmedia&parent=4588"}],"curies":[{"name":"wp","href":"https:\/\/api.w.org\/{rel}","templated":true}]}}