{"id":4627,"date":"2026-03-28T14:42:32","date_gmt":"2026-03-28T11:42:32","guid":{"rendered":"https:\/\/lokantakadirgali.com.tr\/?page_id=4627"},"modified":"2026-03-28T14:46:53","modified_gmt":"2026-03-28T11:46:53","slug":"hakkimizda","status":"publish","type":"page","link":"https:\/\/lokantakadirgali.com.tr\/?page_id=4627","title":{"rendered":"Hakk\u0131m\u0131zda"},"content":{"rendered":"\t\t<div data-elementor-type=\"wp-page\" data-elementor-id=\"4627\" class=\"elementor elementor-4627\">\n\t\t\t\t\t\t<section class=\"elementor-section elementor-top-section elementor-element elementor-element-464f0363 eltdf-elementor-row-grid-section elementor-section-boxed elementor-section-height-default elementor-section-height-default eltdf-parallax-row-no eltdf-content-aligment-left eltdf-disabled-bg-image-bellow-no\" data-id=\"464f0363\" data-element_type=\"section\" data-e-type=\"section\">\n\t\t\t\t\t\t<div class=\"elementor-container elementor-column-gap-default\">\n\t\t\t\t\t<div class=\"elementor-column elementor-col-33 elementor-top-column elementor-element elementor-element-721fbc24\" data-id=\"721fbc24\" data-element_type=\"column\" data-e-type=\"column\">\n\t\t\t<div class=\"elementor-widget-wrap elementor-element-populated\">\n\t\t\t\t\t\t<div class=\"elementor-element elementor-element-339a0c95 elementor-widget elementor-widget-eltdf_section_title\" data-id=\"339a0c95\" data-element_type=\"widget\" data-e-type=\"widget\" data-widget_type=\"eltdf_section_title.default\">\n\t\t\t\t<div class=\"elementor-widget-container\">\n\t\t\t\t\t<div class=\"eltdf-section-title-holder    eltdf-st-decor-animation\" style=\"text-align: center\">\n\t<div class=\"eltdf-st-inner\">\n        \t\t            <div class=\"eltdf-st-title-holder\">\n                                    <div class=\"decor\"><svg xmlns=\"http:\/\/www.w3.org\/2000\/svg\" width=\"41.125\" height=\"9.146\">\n                            <path fill=\"none\" stroke=\"#9C7C57\" stroke-miterlimit=\"10\" d=\"M40.881 8.576L20.562.591.244 8.576\"\/>\n                            <path fill=\"none\" stroke=\"#9C7C57\" stroke-miterlimit=\"10\" d=\"M40.881.591L20.562 8.576.243.591\"\/>\n                        <\/svg><\/div>\n                                <h2 class=\"eltdf-st-title\" >\n                    Hakk\u0131m\u0131zda                <\/h2>\n                                    <div class=\"decor\"><svg xmlns=\"http:\/\/www.w3.org\/2000\/svg\" width=\"41.125\" height=\"9.146\">\n                            <path fill=\"none\" stroke=\"#9C7C57\" stroke-miterlimit=\"10\" d=\"M40.881 8.576L20.562.591.244 8.576\"\/>\n                            <path fill=\"none\" stroke=\"#9C7C57\" stroke-miterlimit=\"10\" d=\"M40.881.591L20.562 8.576.243.591\"\/>\n                        <\/svg><\/div>\n                            <\/div>\n\t\t\t\t\t\t\t<p class=\"eltdf-st-text\" >\n\t\t\t\tKad\u0131rgal\u0131 kuruldu\u011fu 1999 y\u0131l\u0131ndan bu yana sekt\u00f6rde bilinen ve sayg\u0131 ile an\u0131lan bir marka olarak hizmetlerini s\u00fcrd\u00fcrmektedir. Geli\u015fen d\u00fcnya normlar\u0131n\u0131 ve de\u011fi\u015fen t\u00fcketici ihtiya\u00e7lar\u0131n\u0131 yak\u0131ndan takip eden Kad\u0131rgal\u0131 lezzetini sa\u011fl\u0131kl\u0131 beslenme ile \u00f6zde\u015fle\u015ftiren \t\t\t<\/p>\n\t\t\t\t\t<\/div>\n<\/div>\t\t\t\t<\/div>\n\t\t\t\t<\/div>\n\t\t\t\t<div class=\"elementor-element elementor-element-4558ead7 elementor-widget elementor-widget-text-editor\" data-id=\"4558ead7\" data-element_type=\"widget\" data-e-type=\"widget\" data-widget_type=\"text-editor.default\">\n\t\t\t\t\t\t\t\t\t<div class=\"wpb_text_column wpb_content_element \"><div class=\"wpb_wrapper\"><ul><li><p>\u00dcnal D\u00f6lek, Fast food anlay\u0131\u015f\u0131na kar\u015f\u0131 duran, sa\u011fl\u0131kl\u0131 beslenmeyi ve \u00e7ocuk geli\u015fimini bireyin temeli olarak kabul eden bir yakla\u015f\u0131ma inanarak T\u00fcrk mutfa\u011f\u0131 \u00fcr\u00fcnlerini \u2018\u2019Geleneksel, yeni nesil\u2019\u2019 anlay\u0131\u015f\u0131nda b\u00fct\u00fcnle\u015ftirmek ad\u0131na uzun y\u0131llard\u0131r \u00e7al\u0131\u015fmaktad\u0131r.<\/p><p>\u00a0<\/p><p>D\u00fcnyan\u0131n en zengin mutfa\u011f\u0131 oldu\u011funa inand\u0131\u011f\u0131 T\u00fcrk mutfa\u011f\u0131n\u0131 tan\u0131d\u0131k\u00e7a Gastronomi alan\u0131nda T\u00fcrk lezzetlerini d\u00fcnya normlar\u0131nda sunabilmek ad\u0131na \u2018\u2019Gastrodiplomasi\u2019\u2019 tan\u0131m\u0131 \u00e7er\u00e7evesinde yo\u011fun \u00e7al\u0131\u015fmalar yapm\u0131\u015f ve Kad\u0131rgal\u0131 Lezzetini bug\u00fcnlere getirmi\u015ftir.<\/p><p>\u00a0<\/p><p>2022 y\u0131l\u0131nda K\u00f6fteci Kad\u0131rgal\u0131 olarak bir zincir marka haline gelmesi konusunda yolculuk ba\u015flat\u0131lm\u0131\u015ft\u0131r. 2030 y\u0131l\u0131na kadar 50 \u015fube ile K\u00f6fteci Kad\u0131rgal\u0131 olarak b\u00fcy\u00fcmesini s\u00fcrd\u00fcrecek marka \u00dcnal D\u00f6lek \u00f6nc\u00fcl\u00fc\u011f\u00fcnde y\u00fcksek m\u00fc\u015fteri ve toplum bilinci odakl\u0131 \u00e7al\u0131\u015fmalar\u0131n\u0131 devam ettirmektedir.<\/p><\/li><\/ul><\/div><\/div>\t\t\t\t\t\t\t\t<\/div>\n\t\t\t\t<div class=\"elementor-element elementor-element-17cac778 elementor-widget__width-auto elementor-widget elementor-widget-eltdf_button\" data-id=\"17cac778\" data-element_type=\"widget\" data-e-type=\"widget\" data-widget_type=\"eltdf_button.default\">\n\t\t\t\t<div class=\"elementor-widget-container\">\n\t\t\t\t\t<a itemprop=\"url\" href=\"https:\/\/lokantakadirgali.com.tr\/iletisim\/\" target=\"_blank\" style=\"padding: \" class=\"eltdf-btn eltdf-btn-medium eltdf-btn-simple\"  0=\"padding: \">\n        <span class=\"eltdf-btn-text\">\u0130leti\u015fim<\/span>\n        <\/a>\t\t\t\t<\/div>\n\t\t\t\t<\/div>\n\t\t\t\t\t<\/div>\n\t\t<\/div>\n\t\t\t\t<div class=\"elementor-column elementor-col-33 elementor-top-column elementor-element elementor-element-78f8cc35\" data-id=\"78f8cc35\" data-element_type=\"column\" data-e-type=\"column\">\n\t\t\t<div class=\"elementor-widget-wrap elementor-element-populated\">\n\t\t\t\t\t\t<div class=\"elementor-element elementor-element-57bb5014 elementor-widget__width-auto elementor-widget elementor-widget-eltdf_single_image\" data-id=\"57bb5014\" data-element_type=\"widget\" data-e-type=\"widget\" data-widget_type=\"eltdf_single_image.default\">\n\t\t\t\t<div class=\"elementor-widget-container\">\n\t\t\t\t\t<div class=\"eltdf-single-image-holder  eltdf-svg-pattern   eltdf-image-appear-none\">\n    <div class=\"eltdf-si-inner\" >\n                                                        <img decoding=\"async\" width=\"150\" height=\"150\" src=\"https:\/\/lokantakadirgali.com.tr\/wp-content\/uploads\/2026\/03\/Hedeflerimiz--150x150.png\" class=\"attachment-thumbnail size-thumbnail\" alt=\"\" srcset=\"https:\/\/lokantakadirgali.com.tr\/wp-content\/uploads\/2026\/03\/Hedeflerimiz--150x150.png 150w, https:\/\/lokantakadirgali.com.tr\/wp-content\/uploads\/2026\/03\/Hedeflerimiz--300x300.png 300w, https:\/\/lokantakadirgali.com.tr\/wp-content\/uploads\/2026\/03\/Hedeflerimiz--100x100.png 100w, https:\/\/lokantakadirgali.com.tr\/wp-content\/uploads\/2026\/03\/Hedeflerimiz--600x600.png 600w, https:\/\/lokantakadirgali.com.tr\/wp-content\/uploads\/2026\/03\/Hedeflerimiz--1024x1024.png 1024w, https:\/\/lokantakadirgali.com.tr\/wp-content\/uploads\/2026\/03\/Hedeflerimiz--768x768.png 768w, https:\/\/lokantakadirgali.com.tr\/wp-content\/uploads\/2026\/03\/Hedeflerimiz--650x650.png 650w, https:\/\/lokantakadirgali.com.tr\/wp-content\/uploads\/2026\/03\/Hedeflerimiz-.png 1080w\" sizes=\"(max-width: 150px) 100vw, 150px\" \/>                                                <\/div>\n<\/div>\t\t\t\t<\/div>\n\t\t\t\t<\/div>\n\t\t\t\t\t<\/div>\n\t\t<\/div>\n\t\t\t\t<div class=\"elementor-column elementor-col-33 elementor-top-column elementor-element elementor-element-7820ae39\" data-id=\"7820ae39\" data-element_type=\"column\" data-e-type=\"column\">\n\t\t\t<div class=\"elementor-widget-wrap elementor-element-populated\">\n\t\t\t\t\t\t<div class=\"elementor-element elementor-element-4123c871 elementor-widget elementor-widget-eltdf_single_image\" data-id=\"4123c871\" data-element_type=\"widget\" data-e-type=\"widget\" data-widget_type=\"eltdf_single_image.default\">\n\t\t\t\t<div class=\"elementor-widget-container\">\n\t\t\t\t\t<div class=\"eltdf-single-image-holder     eltdf-image-appear-from-top\">\n    <div class=\"eltdf-si-inner\" >\n                                                        <img fetchpriority=\"high\" decoding=\"async\" width=\"1080\" height=\"1080\" src=\"https:\/\/lokantakadirgali.com.tr\/wp-content\/uploads\/2026\/03\/hikayemiz1-1.png\" class=\"attachment-full size-full\" alt=\"\" srcset=\"https:\/\/lokantakadirgali.com.tr\/wp-content\/uploads\/2026\/03\/hikayemiz1-1.png 1080w, https:\/\/lokantakadirgali.com.tr\/wp-content\/uploads\/2026\/03\/hikayemiz1-1-300x300.png 300w, https:\/\/lokantakadirgali.com.tr\/wp-content\/uploads\/2026\/03\/hikayemiz1-1-100x100.png 100w, https:\/\/lokantakadirgali.com.tr\/wp-content\/uploads\/2026\/03\/hikayemiz1-1-600x600.png 600w, https:\/\/lokantakadirgali.com.tr\/wp-content\/uploads\/2026\/03\/hikayemiz1-1-1024x1024.png 1024w, https:\/\/lokantakadirgali.com.tr\/wp-content\/uploads\/2026\/03\/hikayemiz1-1-150x150.png 150w, https:\/\/lokantakadirgali.com.tr\/wp-content\/uploads\/2026\/03\/hikayemiz1-1-768x768.png 768w, https:\/\/lokantakadirgali.com.tr\/wp-content\/uploads\/2026\/03\/hikayemiz1-1-650x650.png 650w\" sizes=\"(max-width: 1080px) 100vw, 1080px\" \/>                                                <\/div>\n<\/div>\t\t\t\t<\/div>\n\t\t\t\t<\/div>\n\t\t\t\t\t<\/div>\n\t\t<\/div>\n\t\t\t\t\t<\/div>\n\t\t<\/section>\n\t\t\t\t<\/div>\n\t\t","protected":false},"excerpt":{"rendered":"<p>Hakk\u0131m\u0131zda Kad\u0131rgal\u0131 kuruldu\u011fu 1999 y\u0131l\u0131ndan bu yana sekt\u00f6rde bilinen ve sayg\u0131 ile an\u0131lan bir marka olarak hizmetlerini s\u00fcrd\u00fcrmektedir. Geli\u015fen d\u00fcnya normlar\u0131n\u0131 ve de\u011fi\u015fen t\u00fcketici ihtiya\u00e7lar\u0131n\u0131 yak\u0131ndan takip eden Kad\u0131rgal\u0131 lezzetini sa\u011fl\u0131kl\u0131 beslenme ile \u00f6zde\u015fle\u015ftiren \u00dcnal D\u00f6lek, Fast food anlay\u0131\u015f\u0131na kar\u015f\u0131 duran, sa\u011fl\u0131kl\u0131 beslenmeyi ve \u00e7ocuk geli\u015fimini bireyin temeli olarak kabul eden bir yakla\u015f\u0131ma inanarak T\u00fcrk mutfa\u011f\u0131 \u00fcr\u00fcnlerini \u2018\u2019Geleneksel, yeni nesil\u2019\u2019 [&hellip;]<\/p>\n","protected":false},"author":1,"featured_media":0,"parent":0,"menu_order":0,"comment_status":"closed","ping_status":"closed","template":"","meta":{"footnotes":""},"class_list":["post-4627","page","type-page","status-publish","hentry"],"_links":{"self":[{"href":"https:\/\/lokantakadirgali.com.tr\/index.php?rest_route=\/wp\/v2\/pages\/4627","targetHints":{"allow":["GET"]}}],"collection":[{"href":"https:\/\/lokantakadirgali.com.tr\/index.php?rest_route=\/wp\/v2\/pages"}],"about":[{"href":"https:\/\/lokantakadirgali.com.tr\/index.php?rest_route=\/wp\/v2\/types\/page"}],"author":[{"embeddable":true,"href":"https:\/\/lokantakadirgali.com.tr\/index.php?rest_route=\/wp\/v2\/users\/1"}],"replies":[{"embeddable":true,"href":"https:\/\/lokantakadirgali.com.tr\/index.php?rest_route=%2Fwp%2Fv2%2Fcomments&post=4627"}],"version-history":[{"count":4,"href":"https:\/\/lokantakadirgali.com.tr\/index.php?rest_route=\/wp\/v2\/pages\/4627\/revisions"}],"predecessor-version":[{"id":4634,"href":"https:\/\/lokantakadirgali.com.tr\/index.php?rest_route=\/wp\/v2\/pages\/4627\/revisions\/4634"}],"wp:attachment":[{"href":"https:\/\/lokantakadirgali.com.tr\/index.php?rest_route=%2Fwp%2Fv2%2Fmedia&parent=4627"}],"curies":[{"name":"wp","href":"https:\/\/api.w.org\/{rel}","templated":true}]}}