{"id":4635,"date":"2026-03-28T14:47:59","date_gmt":"2026-03-28T11:47:59","guid":{"rendered":"https:\/\/lokantakadirgali.com.tr\/?page_id=4635"},"modified":"2026-03-28T16:52:23","modified_gmt":"2026-03-28T13:52:23","slug":"kariyer","status":"publish","type":"page","link":"https:\/\/lokantakadirgali.com.tr\/?page_id=4635","title":{"rendered":"Kariyer"},"content":{"rendered":"\t\t<div data-elementor-type=\"wp-page\" data-elementor-id=\"4635\" class=\"elementor elementor-4635\">\n\t\t\t\t\t\t<section class=\"elementor-section elementor-top-section elementor-element elementor-element-16c49f16 eltdf-elementor-row-grid-section elementor-section-boxed elementor-section-height-default elementor-section-height-default eltdf-parallax-row-no eltdf-content-aligment-left eltdf-disabled-bg-image-bellow-no\" data-id=\"16c49f16\" data-element_type=\"section\" data-e-type=\"section\">\n\t\t\t\t\t\t<div class=\"elementor-container elementor-column-gap-default\">\n\t\t\t\t\t<div class=\"elementor-column elementor-col-33 elementor-top-column elementor-element elementor-element-753037f1\" data-id=\"753037f1\" data-element_type=\"column\" data-e-type=\"column\">\n\t\t\t<div class=\"elementor-widget-wrap elementor-element-populated\">\n\t\t\t\t\t\t<div class=\"elementor-element elementor-element-455f881 elementor-widget elementor-widget-eltdf_section_title\" data-id=\"455f881\" data-element_type=\"widget\" data-e-type=\"widget\" data-widget_type=\"eltdf_section_title.default\">\n\t\t\t\t<div class=\"elementor-widget-container\">\n\t\t\t\t\t<div class=\"eltdf-section-title-holder    eltdf-st-decor-animation\" style=\"text-align: center\">\n\t<div class=\"eltdf-st-inner\">\n        \t\t            <div class=\"eltdf-st-title-holder\">\n                                    <div class=\"decor\"><svg xmlns=\"http:\/\/www.w3.org\/2000\/svg\" width=\"41.125\" height=\"9.146\">\n                            <path fill=\"none\" stroke=\"#9C7C57\" stroke-miterlimit=\"10\" d=\"M40.881 8.576L20.562.591.244 8.576\"\/>\n                            <path fill=\"none\" stroke=\"#9C7C57\" stroke-miterlimit=\"10\" d=\"M40.881.591L20.562 8.576.243.591\"\/>\n                        <\/svg><\/div>\n                                <h2 class=\"eltdf-st-title\" >\n                    Kariyer                <\/h2>\n                                    <div class=\"decor\"><svg xmlns=\"http:\/\/www.w3.org\/2000\/svg\" width=\"41.125\" height=\"9.146\">\n                            <path fill=\"none\" stroke=\"#9C7C57\" stroke-miterlimit=\"10\" d=\"M40.881 8.576L20.562.591.244 8.576\"\/>\n                            <path fill=\"none\" stroke=\"#9C7C57\" stroke-miterlimit=\"10\" d=\"M40.881.591L20.562 8.576.243.591\"\/>\n                        <\/svg><\/div>\n                            <\/div>\n\t\t\t\t\t\t\t<p class=\"eltdf-st-text\" >\n\t\t\t\tBizim i\u00e7in restoran i\u015fletmek sadece yemek sunmak de\u011fil; misafirlerimize unutulmaz bir deneyim ya\u015fatmak demek. Bu deneyimin merkezinde ise tutkulu, enerjik ve i\u015fini severek yapan bir ekip yer al\u0131yor.\t\t\t<\/p>\n\t\t\t\t\t<\/div>\n<\/div>\t\t\t\t<\/div>\n\t\t\t\t<\/div>\n\t\t\t\t<div class=\"elementor-element elementor-element-31b2fefb elementor-widget elementor-widget-text-editor\" data-id=\"31b2fefb\" data-element_type=\"widget\" data-e-type=\"widget\" data-widget_type=\"text-editor.default\">\n\t\t\t\t\t\t\t\t\t<div class=\"wpb_text_column wpb_content_element \"><div class=\"wpb_wrapper\"><p>\u00a0<\/p><p>E\u011fer dinamik bir \u00e7al\u0131\u015fma ortam\u0131nda yer almak, misafir memnuniyetini \u00f6n planda tutmak, geli\u015fime a\u00e7\u0131k bir ekipte kariyerini b\u00fcy\u00fctmek istiyorsan seni aram\u0131zda g\u00f6rmek isteriz.<\/p><p>Restoran\u0131m\u0131zda her ekip arkada\u015f\u0131; mutfaktan servise, operasyondan misafir ili\u015fkilerine kadar bu hik\u00e2yenin \u00f6nemli bir par\u00e7as\u0131d\u0131r. Biz birlikte \u00fcretmeye, birlikte \u00f6\u011frenmeye ve birlikte b\u00fcy\u00fcmeye inan\u0131yoruz.<\/p><p>Sen de lezzet, kalite, disiplin ve ekip ruhunu bir arada ta\u015f\u0131yan bir \u00e7al\u0131\u015fma k\u00fclt\u00fcr\u00fcn\u00fcn par\u00e7as\u0131 olmak istiyorsan ba\u015fvurunu bizimle payla\u015fabilirsin.<\/p><p><strong>A\u00e7\u0131k pozisyonlar\u0131m\u0131z\u0131 inceleyebilir veya genel ba\u015fvuru formunu doldurarak ekibimize kat\u0131lmak i\u00e7in ilk ad\u0131m\u0131 atabilirsin.<\/strong><\/p><\/div><\/div>\t\t\t\t\t\t\t\t<\/div>\n\t\t\t\t<div class=\"elementor-element elementor-element-ecbca35 elementor-widget__width-auto elementor-widget elementor-widget-eltdf_button\" data-id=\"ecbca35\" data-element_type=\"widget\" data-e-type=\"widget\" data-widget_type=\"eltdf_button.default\">\n\t\t\t\t<div class=\"elementor-widget-container\">\n\t\t\t\t\t<a itemprop=\"url\" href=\"https:\/\/lokantakadirgali.com.tr\/iletisim\/\" target=\"_blank\" style=\"padding: \" class=\"eltdf-btn eltdf-btn-medium eltdf-btn-simple\"  0=\"padding: \">\n        <span class=\"eltdf-btn-text\">\u0130leti\u015fim<\/span>\n        <\/a>\t\t\t\t<\/div>\n\t\t\t\t<\/div>\n\t\t\t\t\t<\/div>\n\t\t<\/div>\n\t\t\t\t<div class=\"elementor-column elementor-col-33 elementor-top-column elementor-element elementor-element-67801144\" data-id=\"67801144\" data-element_type=\"column\" data-e-type=\"column\">\n\t\t\t<div class=\"elementor-widget-wrap elementor-element-populated\">\n\t\t\t\t\t\t<div class=\"elementor-element elementor-element-77f9a75e elementor-widget__width-auto elementor-widget elementor-widget-eltdf_single_image\" data-id=\"77f9a75e\" data-element_type=\"widget\" data-e-type=\"widget\" data-widget_type=\"eltdf_single_image.default\">\n\t\t\t\t<div class=\"elementor-widget-container\">\n\t\t\t\t\t<div class=\"eltdf-single-image-holder  eltdf-svg-pattern   eltdf-image-appear-none\">\n    <div class=\"eltdf-si-inner\" >\n                                                        <img decoding=\"async\" width=\"150\" height=\"150\" src=\"https:\/\/lokantakadirgali.com.tr\/wp-content\/uploads\/2026\/03\/Hedeflerimiz--150x150.png\" class=\"attachment-thumbnail size-thumbnail\" alt=\"\" srcset=\"https:\/\/lokantakadirgali.com.tr\/wp-content\/uploads\/2026\/03\/Hedeflerimiz--150x150.png 150w, https:\/\/lokantakadirgali.com.tr\/wp-content\/uploads\/2026\/03\/Hedeflerimiz--300x300.png 300w, https:\/\/lokantakadirgali.com.tr\/wp-content\/uploads\/2026\/03\/Hedeflerimiz--100x100.png 100w, https:\/\/lokantakadirgali.com.tr\/wp-content\/uploads\/2026\/03\/Hedeflerimiz--600x600.png 600w, https:\/\/lokantakadirgali.com.tr\/wp-content\/uploads\/2026\/03\/Hedeflerimiz--1024x1024.png 1024w, https:\/\/lokantakadirgali.com.tr\/wp-content\/uploads\/2026\/03\/Hedeflerimiz--768x768.png 768w, https:\/\/lokantakadirgali.com.tr\/wp-content\/uploads\/2026\/03\/Hedeflerimiz--650x650.png 650w, https:\/\/lokantakadirgali.com.tr\/wp-content\/uploads\/2026\/03\/Hedeflerimiz-.png 1080w\" sizes=\"(max-width: 150px) 100vw, 150px\" \/>                                                <\/div>\n<\/div>\t\t\t\t<\/div>\n\t\t\t\t<\/div>\n\t\t\t\t\t<\/div>\n\t\t<\/div>\n\t\t\t\t<div class=\"elementor-column elementor-col-33 elementor-top-column elementor-element elementor-element-3a35a35\" data-id=\"3a35a35\" data-element_type=\"column\" data-e-type=\"column\">\n\t\t\t<div class=\"elementor-widget-wrap elementor-element-populated\">\n\t\t\t\t\t\t<div class=\"elementor-element elementor-element-55ba085 elementor-widget elementor-widget-eltdf_single_image\" data-id=\"55ba085\" data-element_type=\"widget\" data-e-type=\"widget\" data-widget_type=\"eltdf_single_image.default\">\n\t\t\t\t<div class=\"elementor-widget-container\">\n\t\t\t\t\t<div class=\"eltdf-single-image-holder     eltdf-image-appear-from-top\">\n    <div class=\"eltdf-si-inner\" >\n                                                        <img fetchpriority=\"high\" decoding=\"async\" width=\"768\" height=\"1024\" src=\"https:\/\/lokantakadirgali.com.tr\/wp-content\/uploads\/2026\/03\/Unal-Dolek-1.jpeg\" class=\"attachment-full size-full\" alt=\"\" srcset=\"https:\/\/lokantakadirgali.com.tr\/wp-content\/uploads\/2026\/03\/Unal-Dolek-1.jpeg 768w, https:\/\/lokantakadirgali.com.tr\/wp-content\/uploads\/2026\/03\/Unal-Dolek-1-600x800.jpeg 600w, https:\/\/lokantakadirgali.com.tr\/wp-content\/uploads\/2026\/03\/Unal-Dolek-1-225x300.jpeg 225w\" sizes=\"(max-width: 768px) 100vw, 768px\" \/>                                                <\/div>\n<\/div>\t\t\t\t<\/div>\n\t\t\t\t<\/div>\n\t\t\t\t\t<\/div>\n\t\t<\/div>\n\t\t\t\t\t<\/div>\n\t\t<\/section>\n\t\t\t\t<\/div>\n\t\t","protected":false},"excerpt":{"rendered":"<p>Kariyer Bizim i\u00e7in restoran i\u015fletmek sadece yemek sunmak de\u011fil; misafirlerimize unutulmaz bir deneyim ya\u015fatmak demek. Bu deneyimin merkezinde ise tutkulu, enerjik ve i\u015fini severek yapan bir ekip yer al\u0131yor. \u00a0 E\u011fer dinamik bir \u00e7al\u0131\u015fma ortam\u0131nda yer almak, misafir memnuniyetini \u00f6n planda tutmak, geli\u015fime a\u00e7\u0131k bir ekipte kariyerini b\u00fcy\u00fctmek istiyorsan seni aram\u0131zda g\u00f6rmek isteriz. Restoran\u0131m\u0131zda her ekip arkada\u015f\u0131; mutfaktan servise, operasyondan [&hellip;]<\/p>\n","protected":false},"author":1,"featured_media":0,"parent":0,"menu_order":0,"comment_status":"closed","ping_status":"closed","template":"","meta":{"footnotes":""},"class_list":["post-4635","page","type-page","status-publish","hentry"],"_links":{"self":[{"href":"https:\/\/lokantakadirgali.com.tr\/index.php?rest_route=\/wp\/v2\/pages\/4635","targetHints":{"allow":["GET"]}}],"collection":[{"href":"https:\/\/lokantakadirgali.com.tr\/index.php?rest_route=\/wp\/v2\/pages"}],"about":[{"href":"https:\/\/lokantakadirgali.com.tr\/index.php?rest_route=\/wp\/v2\/types\/page"}],"author":[{"embeddable":true,"href":"https:\/\/lokantakadirgali.com.tr\/index.php?rest_route=\/wp\/v2\/users\/1"}],"replies":[{"embeddable":true,"href":"https:\/\/lokantakadirgali.com.tr\/index.php?rest_route=%2Fwp%2Fv2%2Fcomments&post=4635"}],"version-history":[{"count":8,"href":"https:\/\/lokantakadirgali.com.tr\/index.php?rest_route=\/wp\/v2\/pages\/4635\/revisions"}],"predecessor-version":[{"id":4654,"href":"https:\/\/lokantakadirgali.com.tr\/index.php?rest_route=\/wp\/v2\/pages\/4635\/revisions\/4654"}],"wp:attachment":[{"href":"https:\/\/lokantakadirgali.com.tr\/index.php?rest_route=%2Fwp%2Fv2%2Fmedia&parent=4635"}],"curies":[{"name":"wp","href":"https:\/\/api.w.org\/{rel}","templated":true}]}}