{"id":4672,"date":"2026-03-28T17:18:52","date_gmt":"2026-03-28T14:18:52","guid":{"rendered":"https:\/\/lokantakadirgali.com.tr\/?page_id=4672"},"modified":"2026-03-29T01:47:31","modified_gmt":"2026-03-28T22:47:31","slug":"subelerimiz","status":"publish","type":"page","link":"https:\/\/lokantakadirgali.com.tr\/?page_id=4672","title":{"rendered":"\u015eUBELER\u0130M\u0130Z"},"content":{"rendered":"\t\t<div data-elementor-type=\"wp-page\" data-elementor-id=\"4672\" class=\"elementor elementor-4672\">\n\t\t\t\t<div class=\"elementor-element elementor-element-eabf166 e-flex e-con-boxed e-con e-parent\" data-id=\"eabf166\" data-element_type=\"container\" data-e-type=\"container\">\n\t\t\t\t\t<div class=\"e-con-inner\">\n\t\t<div class=\"elementor-element elementor-element-68b945a e-con-full e-flex e-con e-child\" data-id=\"68b945a\" data-element_type=\"container\" data-e-type=\"container\">\n\t\t\t\t<div class=\"elementor-element elementor-element-e56efbc elementor-widget elementor-widget-eltdf_portfolio_list\" data-id=\"e56efbc\" data-element_type=\"widget\" data-e-type=\"widget\" data-widget_type=\"eltdf_portfolio_list.default\">\n\t\t\t\t<div class=\"elementor-widget-container\">\n\t\t\t\t\t<div class=\"eltdf-portfolio-list-holder eltdf-grid-list eltdf-pl-gallery eltdf-three-columns eltdf-normal-space eltdf-disable-bottom-space eltdf-pl-gallery-overlay    eltdf-pl-pag-standard eltdf-pl-has-filter      \"  data-type=gallery data-number-of-columns=three data-space-between-items=normal data-number-of-items=9 data-image-proportions=full data-custom-image-width= data-custom-image-height= data-enable-fixed-proportions= data-enable-image-shadow=no data-category=subelerimiz data-orderby=date data-order=ASC data-item-style=gallery-overlay data-content-top-margin= data-content-bottom-margin= data-enable-title=yes data-title-tag=h5 data-enable-category=yes data-enable-count-images=yes data-enable-excerpt=no data-excerpt-length= data-pagination-type=standard data-load-more-top-margin= data-filter=yes data-filter-order-by=name data-enable-article-animation=no data-portfolio-slider-on=no data-enable-loop=yes data-enable-autoplay=yes data-slider-speed=5000 data-slider-speed-animation=600 data-enable-navigation=yes data-enable-pagination=yes data-max-num-pages=1 data-next-page=2>\n\t\t<div class=\"eltdf-pl-filter-holder\" >\n\t\t<div class=\"eltdf-plf-inner\">\n\t\t\t\t\t<\/div>\n\t<\/div>\n\t<div class=\"eltdf-pl-inner eltdf-outer-space  clearfix\">\n\t\t<article class=\"eltdf-pl-item eltdf-item-space  post-4676 portfolio-item type-portfolio-item status-publish has-post-thumbnail hentry portfolio-category-subelerimiz\">\n\t<div class=\"eltdf-pl-item-inner\">\n\t\t<div class=\"eltdf-pli-image\">\n\t<img fetchpriority=\"high\" decoding=\"async\" width=\"1080\" height=\"1080\" src=\"https:\/\/lokantakadirgali.com.tr\/wp-content\/uploads\/2026\/03\/Hedeflerimiz-.png\" class=\"attachment-full size-full wp-post-image\" alt=\"\" srcset=\"https:\/\/lokantakadirgali.com.tr\/wp-content\/uploads\/2026\/03\/Hedeflerimiz-.png 1080w, https:\/\/lokantakadirgali.com.tr\/wp-content\/uploads\/2026\/03\/Hedeflerimiz--300x300.png 300w, https:\/\/lokantakadirgali.com.tr\/wp-content\/uploads\/2026\/03\/Hedeflerimiz--100x100.png 100w, https:\/\/lokantakadirgali.com.tr\/wp-content\/uploads\/2026\/03\/Hedeflerimiz--600x600.png 600w, https:\/\/lokantakadirgali.com.tr\/wp-content\/uploads\/2026\/03\/Hedeflerimiz--1024x1024.png 1024w, https:\/\/lokantakadirgali.com.tr\/wp-content\/uploads\/2026\/03\/Hedeflerimiz--150x150.png 150w, https:\/\/lokantakadirgali.com.tr\/wp-content\/uploads\/2026\/03\/Hedeflerimiz--768x768.png 768w, https:\/\/lokantakadirgali.com.tr\/wp-content\/uploads\/2026\/03\/Hedeflerimiz--650x650.png 650w\" sizes=\"(max-width: 1080px) 100vw, 1080px\" \/><\/div>\n<div class=\"eltdf-pli-text-holder\">\n\t<div class=\"eltdf-pli-text-wrapper\">\n\t\t<div class=\"eltdf-pli-text\">\n\t\t\t\t<h5 itemprop=\"name\" class=\"eltdf-pli-title entry-title\" >\n\t\tMall Of \u0130stanbul\t<\/h5>\n\n\t\t\t\t\t<div class=\"eltdf-pli-category-holder\">\n\t\t\t\t\t\t\t<a itemprop=\"url\" class=\"eltdf-pli-category\" href=\"https:\/\/lokantakadirgali.com.tr\/?portfolio-category=subelerimiz\">\u015eubelerimiz<\/a>\n\t\t\t\t\t<\/div>\n\t\n\t\t\t\t\t\t\n\t\t\t\t\t<\/div>\n\t<\/div>\n<\/div>\n\t\t<a itemprop=\"url\" class=\"eltdf-pli-link eltdf-block-drag-link\" href=\"https:\/\/qrmenu.kadirgali.com.tr\/moi\" target=\"_blank\"><\/a>\n\t<\/div>\n<\/article><article class=\"eltdf-pl-item eltdf-item-space  post-4677 portfolio-item type-portfolio-item status-publish has-post-thumbnail hentry portfolio-category-subelerimiz\">\n\t<div class=\"eltdf-pl-item-inner\">\n\t\t<div class=\"eltdf-pli-image\">\n\t<img fetchpriority=\"high\" decoding=\"async\" width=\"1080\" height=\"1080\" src=\"https:\/\/lokantakadirgali.com.tr\/wp-content\/uploads\/2026\/03\/Hedeflerimiz-.png\" class=\"attachment-full size-full wp-post-image\" alt=\"\" srcset=\"https:\/\/lokantakadirgali.com.tr\/wp-content\/uploads\/2026\/03\/Hedeflerimiz-.png 1080w, https:\/\/lokantakadirgali.com.tr\/wp-content\/uploads\/2026\/03\/Hedeflerimiz--300x300.png 300w, https:\/\/lokantakadirgali.com.tr\/wp-content\/uploads\/2026\/03\/Hedeflerimiz--100x100.png 100w, https:\/\/lokantakadirgali.com.tr\/wp-content\/uploads\/2026\/03\/Hedeflerimiz--600x600.png 600w, https:\/\/lokantakadirgali.com.tr\/wp-content\/uploads\/2026\/03\/Hedeflerimiz--1024x1024.png 1024w, https:\/\/lokantakadirgali.com.tr\/wp-content\/uploads\/2026\/03\/Hedeflerimiz--150x150.png 150w, https:\/\/lokantakadirgali.com.tr\/wp-content\/uploads\/2026\/03\/Hedeflerimiz--768x768.png 768w, https:\/\/lokantakadirgali.com.tr\/wp-content\/uploads\/2026\/03\/Hedeflerimiz--650x650.png 650w\" sizes=\"(max-width: 1080px) 100vw, 1080px\" \/><\/div>\n<div class=\"eltdf-pli-text-holder\">\n\t<div class=\"eltdf-pli-text-wrapper\">\n\t\t<div class=\"eltdf-pli-text\">\n\t\t\t\t<h5 itemprop=\"name\" class=\"eltdf-pli-title entry-title\" >\n\t\tOlivium Avm\t<\/h5>\n\n\t\t\t\t\t<div class=\"eltdf-pli-category-holder\">\n\t\t\t\t\t\t\t<a itemprop=\"url\" class=\"eltdf-pli-category\" href=\"https:\/\/lokantakadirgali.com.tr\/?portfolio-category=subelerimiz\">\u015eubelerimiz<\/a>\n\t\t\t\t\t<\/div>\n\t\n\t\t\t\t\t\t\n\t\t\t\t\t<\/div>\n\t<\/div>\n<\/div>\n\t\t<a itemprop=\"url\" class=\"eltdf-pli-link eltdf-block-drag-link\" href=\"https:\/\/qrmenu.kadirgali.com.tr\/olivium\" target=\"_blank\"><\/a>\n\t<\/div>\n<\/article><article class=\"eltdf-pl-item eltdf-item-space  post-4678 portfolio-item type-portfolio-item status-publish has-post-thumbnail hentry portfolio-category-subelerimiz\">\n\t<div class=\"eltdf-pl-item-inner\">\n\t\t<div class=\"eltdf-pli-image\">\n\t<img fetchpriority=\"high\" decoding=\"async\" width=\"1080\" height=\"1080\" src=\"https:\/\/lokantakadirgali.com.tr\/wp-content\/uploads\/2026\/03\/Hedeflerimiz-.png\" class=\"attachment-full size-full wp-post-image\" alt=\"\" srcset=\"https:\/\/lokantakadirgali.com.tr\/wp-content\/uploads\/2026\/03\/Hedeflerimiz-.png 1080w, https:\/\/lokantakadirgali.com.tr\/wp-content\/uploads\/2026\/03\/Hedeflerimiz--300x300.png 300w, https:\/\/lokantakadirgali.com.tr\/wp-content\/uploads\/2026\/03\/Hedeflerimiz--100x100.png 100w, https:\/\/lokantakadirgali.com.tr\/wp-content\/uploads\/2026\/03\/Hedeflerimiz--600x600.png 600w, https:\/\/lokantakadirgali.com.tr\/wp-content\/uploads\/2026\/03\/Hedeflerimiz--1024x1024.png 1024w, https:\/\/lokantakadirgali.com.tr\/wp-content\/uploads\/2026\/03\/Hedeflerimiz--150x150.png 150w, https:\/\/lokantakadirgali.com.tr\/wp-content\/uploads\/2026\/03\/Hedeflerimiz--768x768.png 768w, https:\/\/lokantakadirgali.com.tr\/wp-content\/uploads\/2026\/03\/Hedeflerimiz--650x650.png 650w\" sizes=\"(max-width: 1080px) 100vw, 1080px\" \/><\/div>\n<div class=\"eltdf-pli-text-holder\">\n\t<div class=\"eltdf-pli-text-wrapper\">\n\t\t<div class=\"eltdf-pli-text\">\n\t\t\t\t<h5 itemprop=\"name\" class=\"eltdf-pli-title entry-title\" >\n\t\tSirkeci\t<\/h5>\n\n\t\t\t\t\t<div class=\"eltdf-pli-category-holder\">\n\t\t\t\t\t\t\t<a itemprop=\"url\" class=\"eltdf-pli-category\" href=\"https:\/\/lokantakadirgali.com.tr\/?portfolio-category=subelerimiz\">\u015eubelerimiz<\/a>\n\t\t\t\t\t<\/div>\n\t\n\t\t\t\t\t\t\n\t\t\t\t\t<\/div>\n\t<\/div>\n<\/div>\n\t\t<a itemprop=\"url\" class=\"eltdf-pli-link eltdf-block-drag-link\" href=\"https:\/\/qrmenu.kadirgali.com.tr\/olivium\" target=\"_blank\"><\/a>\n\t<\/div>\n<\/article>\t<\/div>\n        \t<\/div>\t\t\t\t<\/div>\n\t\t\t\t<\/div>\n\t\t\t\t<\/div>\n\t\t\t\t\t<\/div>\n\t\t\t\t<\/div>\n\t\t\t\t<\/div>\n\t\t","protected":false},"excerpt":{"rendered":"<p>Mall Of \u0130stanbul \u015eubelerimiz Olivium Avm \u015eubelerimiz Sirkeci \u015eubelerimiz<\/p>\n","protected":false},"author":1,"featured_media":0,"parent":0,"menu_order":0,"comment_status":"closed","ping_status":"closed","template":"","meta":{"footnotes":""},"class_list":["post-4672","page","type-page","status-publish","hentry"],"_links":{"self":[{"href":"https:\/\/lokantakadirgali.com.tr\/index.php?rest_route=\/wp\/v2\/pages\/4672","targetHints":{"allow":["GET"]}}],"collection":[{"href":"https:\/\/lokantakadirgali.com.tr\/index.php?rest_route=\/wp\/v2\/pages"}],"about":[{"href":"https:\/\/lokantakadirgali.com.tr\/index.php?rest_route=\/wp\/v2\/types\/page"}],"author":[{"embeddable":true,"href":"https:\/\/lokantakadirgali.com.tr\/index.php?rest_route=\/wp\/v2\/users\/1"}],"replies":[{"embeddable":true,"href":"https:\/\/lokantakadirgali.com.tr\/index.php?rest_route=%2Fwp%2Fv2%2Fcomments&post=4672"}],"version-history":[{"count":8,"href":"https:\/\/lokantakadirgali.com.tr\/index.php?rest_route=\/wp\/v2\/pages\/4672\/revisions"}],"predecessor-version":[{"id":4718,"href":"https:\/\/lokantakadirgali.com.tr\/index.php?rest_route=\/wp\/v2\/pages\/4672\/revisions\/4718"}],"wp:attachment":[{"href":"https:\/\/lokantakadirgali.com.tr\/index.php?rest_route=%2Fwp%2Fv2%2Fmedia&parent=4672"}],"curies":[{"name":"wp","href":"https:\/\/api.w.org\/{rel}","templated":true}]}}